{"id":31,"date":"2026-01-20T16:05:01","date_gmt":"2026-01-20T16:05:01","guid":{"rendered":"https:\/\/hangoverband.pt\/?page_id=31"},"modified":"2026-01-23T20:07:20","modified_gmt":"2026-01-23T20:07:20","slug":"31-2","status":"publish","type":"page","link":"https:\/\/hangoverband.pt\/","title":{"rendered":""},"content":{"rendered":"\n\t\t\t\t<p class=\"rs-p-wp-fix\"><\/p>\n\t\t\t\t<sr7-module data-alias=\"music-band-template\" data-id=\"2\" id=\"SR7_2_1\" class=\"rs-ov-hidden\" data-version=\"6.7.41\">\n\t\t\t\t\t<sr7-adjuster><\/sr7-adjuster>\n\t\t\t\t\t<sr7-content>\n\t\t\t\t\t\t<sr7-slide id=\"SR7_2_1-7\" data-key=\"7\">\n\t\t\t\t\t\t\t<sr7-bg id=\"SR7_2_1-7-15\" class=\"sr7-layer\"><noscript><img decoding=\"async\" src=\"https:\/\/hangoverband.pt\/wp-content\/uploads\/2026\/01\/music-band-home-pic.jpg\" alt=\"\" title=\"music-band-home-pic\"><\/noscript><\/sr7-bg>\n\t\t\t\t\t\t\t<sr7-txt id=\"SR7_2_1-7-3\" class=\"sr7-layer\">Should I Stay or Should I Go<\/sr7-txt>\n\t\t\t\t\t\t\t<a id=\"SR7_2_1-7-4\" class=\"sr7-layer\" href=\"https:\/\/open.spotify.com\/intl-pt\/track\/0E6D6yClsWUKJihEZgDApQ?si=b80621c80ae44666\" target=\"_self\">2024<\/a>\n\t\t\t\t\t\t\t<sr7-txt id=\"SR7_2_1-7-8\" class=\"sr7-layer\">Wedding  Awards<\/sr7-txt>\n\t\t\t\t\t\t\t<a id=\"SR7_2_1-7-9\" class=\"sr7-layer\" href=\"https:\/\/www.casamentos.pt\/musica-casamento\/the-hangover-band--e137405\" target=\"_self\">2022 \/ 2023 \/2025<\/a>\n\t\t\t\t\t\t\t<sr7-txt id=\"SR7_2_1-7-12\" class=\"sr7-layer\">THE <BR>Hangover <br>Band<\/sr7-txt>\n\t\t\t\t\t\t\t<sr7-txt id=\"SR7_2_1-7-13\" class=\"sr7-layer\">\nDesde 2013, s\u00e3o conhecidos pela versatilidade e paix\u00e3o pela m\u00fasica, transitando por estilos como Soul, Jazz, Funk e Rock, com repert\u00f3rio dos anos 60, 70 e 80, atuando em eventos, casamentos e festas.<\/sr7-txt>\n\t\t\t\t\t\t\t<sr7-txt id=\"SR7_2_1-7-14\" class=\"sr7-layer\">Eventos <br>Casamentos<br>\nFestas<\/sr7-txt>\n\t\t\t\t\t\t<\/sr7-slide>\n\t\t\t\t\t\t<sr7-slide id=\"SR7_2_1-12\" data-key=\"12\">\n\t\t\t\t\t\t\t<a id=\"SR7_2_1-12-20\" class=\"sr7-layer\" href=\"mailto:hangoverband.oficial@gmail.com\" target=\"_blank\" rel=\"noopener\"><i class=\"material-icons\">email<\/i><\/a>\n\t\t\t\t\t\t\t<sr7-txt id=\"SR7_2_1-12-27\" class=\"sr7-layer\">The Hangover band<\/sr7-txt>\n\t\t\t\t\t\t\t<sr7-txt id=\"SR7_2_1-12-28\" class=\"sr7-layer\">Sobre<\/sr7-txt>\n\t\t\t\t\t\t\t<sr7-txt id=\"SR7_2_1-12-29\" class=\"sr7-layer\">Casamentos<\/sr7-txt>\n\t\t\t\t\t\t\t<sr7-txt id=\"SR7_2_1-12-30\" class=\"sr7-layer\">Videos<\/sr7-txt>\n\t\t\t\t\t\t\t<sr7-txt id=\"SR7_2_1-12-31\" class=\"sr7-layer\">Concertos<\/sr7-txt>\n\t\t\t\t\t\t\t<a id=\"SR7_2_1-12-32\" class=\"sr7-layer\" href=\"#\" target=\"_blank\" rel=\"noopener\">Rider T\u00e9cnico<\/a>\n\t\t\t\t\t\t\t<a id=\"SR7_2_1-12-33\" class=\"sr7-layer\" href=\"https:\/\/www.youtube.com\/@hangoverband.oficial\" target=\"_blank\" rel=\"noopener\"><i class=\"fa-youtube-play\"><\/i><\/a>\n\t\t\t\t\t\t\t<a id=\"SR7_2_1-12-34\" class=\"sr7-layer\" href=\"https:\/\/www.facebook.com\/thehangovercantanhede\" target=\"_blank\" rel=\"noopener\"><i class=\"fa-facebook-square\"><\/i><\/a>\n\t\t\t\t\t\t\t<a id=\"SR7_2_1-12-35\" class=\"sr7-layer\" href=\"https:\/\/open.spotify.com\/intl-pt\/artist\/5GxvxgBT0kMcvTmZREpn5V?si=e261e60afd474353\" target=\"_blank\" rel=\"noopener\"><i class=\"fa-spotify\"><\/i><\/a>\n\t\t\t\t\t\t\t<a id=\"SR7_2_1-12-36\" class=\"sr7-layer\" href=\"https:\/\/www.instagram.com\/hangoverband.oficial\/\" target=\"_blank\" rel=\"noopener\"><i class=\"fa-instagram\"><\/i><\/a>\n\t\t\t\t\t\t\t<a id=\"SR7_2_1-12-37\" class=\"sr7-layer\" href=\"https:\/\/api.whatsapp.com\/send?phone=351918290676\" target=\"_blank\" rel=\"noopener\"><i class=\"fa-whatsapp\"><\/i><\/a>\n\t\t\t\t\t\t\t<sr7-txt id=\"SR7_2_1-12-41\" class=\"sr7-layer\">Home<\/sr7-txt>\n\t\t\t\t\t\t\t<sr7-txt id=\"SR7_2_1-12-42\" class=\"sr7-layer\">Sobre<\/sr7-txt>\n\t\t\t\t\t\t\t<sr7-txt id=\"SR7_2_1-12-44\" class=\"sr7-layer\">Casamentos<\/sr7-txt>\n\t\t\t\t\t\t\t<sr7-txt id=\"SR7_2_1-12-45\" class=\"sr7-layer\">Videos<\/sr7-txt>\n\t\t\t\t\t\t\t<sr7-txt id=\"SR7_2_1-12-46\" class=\"sr7-layer\">Concertos<\/sr7-txt>\n\t\t\t\t\t\t\t<a id=\"SR7_2_1-12-47\" class=\"sr7-layer\" href=\"#\" target=\"_blank\" rel=\"noopener\">Rider T\u00e9cnico<\/a>\n\t\t\t\t\t\t<\/sr7-slide>\n\t\t\t\t\t<\/sr7-content>\n\t\t\t\t\t<image_lists style=\"display:none\">\n\t\t\t\t\t\t<img data-src=\"\/\/hangoverband.pt\/wp-content\/uploads\/2026\/01\/Should-I-Stay-Capa.jpg\" data-libid=\"47\" data-lib=\"medialibrary\" title=\"Should I Stay Capa\" width=\"0\" height=\"0\" data-dbsrc=\"Ly9oYW5nb3ZlcmJhbmQucHQvd3AtY29udGVudC91cGxvYWRzLzIwMjYvMDEvU2hvdWxkLUktU3RheS1DYXBhLmpwZw==\"\/>\n\t\t\t\t\t\t<img data-src=\"\/\/hangoverband.pt\/wp-content\/uploads\/2026\/01\/badge-weddingawards_pt_PT.jpg\" data-libid=\"46\" data-lib=\"medialibrary\" title=\"badge-weddingawards_pt_PT\" width=\"0\" height=\"0\" data-dbsrc=\"Ly9oYW5nb3ZlcmJhbmQucHQvd3AtY29udGVudC91cGxvYWRzLzIwMjYvMDEvYmFkZ2Utd2VkZGluZ2F3YXJkc19wdF9QVC5qcGc=\"\/>\n\t\t\t\t\t\t<img data-src=\"\/\/hangoverband.pt\/wp-content\/uploads\/2026\/01\/music-band-home-pic.jpg\" data-libid=\"44\" data-lib=\"medialibrary\" title=\"music-band-home-pic\" width=\"0\" height=\"0\" data-dbsrc=\"Ly9oYW5nb3ZlcmJhbmQucHQvd3AtY29udGVudC91cGxvYWRzLzIwMjYvMDEvbXVzaWMtYmFuZC1ob21lLXBpYy5qcGc=\"\/>\n\t\t\t\t\t\t<img data-src=\"\/\/hangoverband.pt\/wp-content\/uploads\/2026\/01\/DSC06357-scaled.jpg\" data-libid=\"42\" data-lib=\"medialibrary\" alt=\"Hangover Band Est\u00fadio\" title=\"DSC06357\" width=\"0\" height=\"0\" data-dbsrc=\"Ly9oYW5nb3ZlcmJhbmQucHQvd3AtY29udGVudC91cGxvYWRzLzIwMjYvMDEvRFNDMDYzNTctc2NhbGVkLmpwZw==\"\/>\n\t\t\t\t\t\t<img data-src=\"\/\/hangoverband.pt\/wp-content\/uploads\/2026\/01\/Artboard-1.jpg\" data-libid=\"43\" data-lib=\"medialibrary\" title=\"Artboard 1\" width=\"0\" height=\"0\" data-dbsrc=\"Ly9oYW5nb3ZlcmJhbmQucHQvd3AtY29udGVudC91cGxvYWRzLzIwMjYvMDEvQXJ0Ym9hcmQtMS5qcGc=\"\/>\n\t\t\t\t\t\t<img data-src=\"\/\/hangoverband.pt\/wp-content\/uploads\/revslider\/music-band-template\/music-band-home-artwork-1.jpg\" data-libid=\"10\" title=\"music-band-home-artwork-1.jpg\" width=\"0\" height=\"0\" data-dbsrc=\"Ly9oYW5nb3ZlcmJhbmQucHQvd3AtY29udGVudC91cGxvYWRzL3JldnNsaWRlci9tdXNpYy1iYW5kLXRlbXBsYXRlL211c2ljLWJhbmQtaG9tZS1hcnR3b3JrLTEuanBn\"\/>\n\t\t\t\t\t\t<img data-src=\"\/\/hangoverband.pt\/wp-content\/uploads\/revslider\/music-band-template\/music-band-home-artwork-2.jpg\" data-libid=\"11\" title=\"music-band-home-artwork-2.jpg\" width=\"0\" height=\"0\" data-dbsrc=\"Ly9oYW5nb3ZlcmJhbmQucHQvd3AtY29udGVudC91cGxvYWRzL3JldnNsaWRlci9tdXNpYy1iYW5kLXRlbXBsYXRlL211c2ljLWJhbmQtaG9tZS1hcnR3b3JrLTIuanBn\"\/>\n\t\t\t\t\t\t<img data-src=\"\/\/hangoverband.pt\/wp-content\/uploads\/revslider\/music-band-template\/music-band-albums-artwork-3.jpg\" data-libid=\"18\" title=\"music-band-albums-artwork-3.jpg\" width=\"0\" height=\"0\" data-dbsrc=\"Ly9oYW5nb3ZlcmJhbmQucHQvd3AtY29udGVudC91cGxvYWRzL3JldnNsaWRlci9tdXNpYy1iYW5kLXRlbXBsYXRlL211c2ljLWJhbmQtYWxidW1zLWFydHdvcmstMy5qcGc=\"\/>\n\t\t\t\t\t\t<img data-src=\"\/\/hangoverband.pt\/wp-content\/uploads\/revslider\/music-band-template\/music-band-albums-bg.jpg\" data-libid=\"16\" title=\"music-band-albums-bg.jpg\" width=\"0\" height=\"0\" data-dbsrc=\"Ly9oYW5nb3ZlcmJhbmQucHQvd3AtY29udGVudC91cGxvYWRzL3JldnNsaWRlci9tdXNpYy1iYW5kLXRlbXBsYXRlL211c2ljLWJhbmQtYWxidW1zLWJnLmpwZw==\"\/>\n\t\t\t\t\t\t<img data-src=\"\/\/hangoverband.pt\/wp-content\/uploads\/revslider\/music-band-template\/music-band-video-cover-1.jpg\" data-libid=\"22\" title=\"music-band-video-cover-1.jpg\" width=\"0\" height=\"0\" data-dbsrc=\"Ly9oYW5nb3ZlcmJhbmQucHQvd3AtY29udGVudC91cGxvYWRzL3JldnNsaWRlci9tdXNpYy1iYW5kLXRlbXBsYXRlL211c2ljLWJhbmQtdmlkZW8tY292ZXItMS5qcGc=\"\/>\n\t\t\t\t\t\t<img data-src=\"\/\/hangoverband.pt\/wp-content\/uploads\/revslider\/music-band-template\/music-band-video-cover-2.jpg\" data-libid=\"23\" title=\"music-band-video-cover-2.jpg\" width=\"0\" height=\"0\" data-dbsrc=\"Ly9oYW5nb3ZlcmJhbmQucHQvd3AtY29udGVudC91cGxvYWRzL3JldnNsaWRlci9tdXNpYy1iYW5kLXRlbXBsYXRlL211c2ljLWJhbmQtdmlkZW8tY292ZXItMi5qcGc=\"\/>\n\t\t\t\t\t\t<img data-src=\"\/\/hangoverband.pt\/wp-content\/uploads\/revslider\/music-band-template\/music-band-video-cover-3.jpg\" data-libid=\"24\" title=\"music-band-video-cover-3.jpg\" width=\"0\" height=\"0\" data-dbsrc=\"Ly9oYW5nb3ZlcmJhbmQucHQvd3AtY29udGVudC91cGxvYWRzL3JldnNsaWRlci9tdXNpYy1iYW5kLXRlbXBsYXRlL211c2ljLWJhbmQtdmlkZW8tY292ZXItMy5qcGc=\"\/>\n\t\t\t\t\t\t<img data-src=\"\/\/hangoverband.pt\/wp-content\/uploads\/revslider\/music-band-template\/music-band-1.jpg\" data-libid=\"27\" title=\"music-band-1.jpg\" width=\"0\" height=\"0\" data-dbsrc=\"Ly9oYW5nb3ZlcmJhbmQucHQvd3AtY29udGVudC91cGxvYWRzL3JldnNsaWRlci9tdXNpYy1iYW5kLXRlbXBsYXRlL211c2ljLWJhbmQtMS5qcGc=\"\/>\n\t\t\t\t\t\t<img data-src=\"\/\/hangoverband.pt\/wp-content\/uploads\/revslider\/music-band-template\/music-band-2.jpg\" data-libid=\"28\" title=\"music-band-2.jpg\" width=\"0\" height=\"0\" data-dbsrc=\"Ly9oYW5nb3ZlcmJhbmQucHQvd3AtY29udGVudC91cGxvYWRzL3JldnNsaWRlci9tdXNpYy1iYW5kLXRlbXBsYXRlL211c2ljLWJhbmQtMi5qcGc=\"\/>\n\t\t\t\t\t\t<img data-src=\"\/\/hangoverband.pt\/wp-content\/uploads\/revslider\/music-band-template\/music-band-3.jpg\" data-libid=\"29\" title=\"music-band-3.jpg\" width=\"0\" height=\"0\" data-dbsrc=\"Ly9oYW5nb3ZlcmJhbmQucHQvd3AtY29udGVudC91cGxvYWRzL3JldnNsaWRlci9tdXNpYy1iYW5kLXRlbXBsYXRlL211c2ljLWJhbmQtMy5qcGc=\"\/>\n\t\t\t\t\t\t<img data-src=\"\/\/hangoverband.pt\/wp-content\/uploads\/revslider\/music-band-template\/music-band-tours-bg.jpg\" data-libid=\"25\" title=\"music-band-tours-bg.jpg\" width=\"0\" height=\"0\" data-dbsrc=\"Ly9oYW5nb3ZlcmJhbmQucHQvd3AtY29udGVudC91cGxvYWRzL3JldnNsaWRlci9tdXNpYy1iYW5kLXRlbXBsYXRlL211c2ljLWJhbmQtdG91cnMtYmcuanBn\"\/>\n\t\t\t\t\t<\/image_lists>\n\t\t\t\t<\/sr7-module>\n\t\t\t\t<script>\n\t\t\t\t\tSR7.PMH ??={}; SR7.PMH[\"SR7_2_1\"] = {cn:100,state:false,fn: function() { if (_tpt!==undefined && _tpt.prepareModuleHeight !== undefined) {  _tpt.prepareModuleHeight({id:\"SR7_2_1\",el:[868,868,868,960,1351],fixed:true,type:'standard',shdw:'0',gh:[868,868,868,960,720],gw:[1000,1000,1000,778,480],vpt:['-200px&#039;,&#039;-200px&#039;,&#039;-200px&#039;,&#039;-200px&#039;,&#039;-200px'],size:{fullWidth:true, fullHeight:true},fho:'',mh:'0',onh:0,onw:0,bg:{color:'{\"orig\":\"transparent\",\"type\":\"solid\",\"string\":\"transparent\"}'},plType:'0',plColor:'#FFFFFF'});   SR7.PMH[\"SR7_2_1\"].state=true;} else if(SR7.PMH[\"SR7_2_1\"].cn-->0)\tsetTimeout( SR7.PMH[\"SR7_2_1\"].fn,19);}};SR7.PMH[\"SR7_2_1\" ].fn();\n\t\t\t\t<\/script>\n\n\n\n<p><meta name=\"google-site-verification\" content=\"DHAcu-qOPseArJXNoLh7cr1Ra0S7-3C7LYUnp1_AIDY\"\/><\/p>\n\n\n\n<p><\/p>\n","protected":false},"excerpt":{"rendered":"","protected":false},"author":1,"featured_media":0,"parent":0,"menu_order":0,"comment_status":"closed","ping_status":"closed","template":"page-no-title","meta":{"footnotes":""},"class_list":["post-31","page","type-page","status-publish","hentry"],"_links":{"self":[{"href":"https:\/\/hangoverband.pt\/index.php?rest_route=\/wp\/v2\/pages\/31","targetHints":{"allow":["GET"]}}],"collection":[{"href":"https:\/\/hangoverband.pt\/index.php?rest_route=\/wp\/v2\/pages"}],"about":[{"href":"https:\/\/hangoverband.pt\/index.php?rest_route=\/wp\/v2\/types\/page"}],"author":[{"embeddable":true,"href":"https:\/\/hangoverband.pt\/index.php?rest_route=\/wp\/v2\/users\/1"}],"replies":[{"embeddable":true,"href":"https:\/\/hangoverband.pt\/index.php?rest_route=%2Fwp%2Fv2%2Fcomments&post=31"}],"version-history":[{"count":7,"href":"https:\/\/hangoverband.pt\/index.php?rest_route=\/wp\/v2\/pages\/31\/revisions"}],"predecessor-version":[{"id":51,"href":"https:\/\/hangoverband.pt\/index.php?rest_route=\/wp\/v2\/pages\/31\/revisions\/51"}],"wp:attachment":[{"href":"https:\/\/hangoverband.pt\/index.php?rest_route=%2Fwp%2Fv2%2Fmedia&parent=31"}],"curies":[{"name":"wp","href":"https:\/\/api.w.org\/{rel}","templated":true}]}}